{"id":1233,"date":"2022-05-16T21:58:46","date_gmt":"2022-05-16T19:58:46","guid":{"rendered":"https:\/\/singleton-change.de\/?page_id=1233"},"modified":"2022-05-16T22:04:40","modified_gmt":"2022-05-16T20:04:40","slug":"data","status":"publish","type":"page","link":"https:\/\/singleton-change.de\/en\/data\/","title":{"rendered":"Data Protection"},"content":{"rendered":"<div data-elementor-type=\"wp-page\" data-elementor-id=\"1233\" class=\"elementor elementor-1233\" data-elementor-post-type=\"page\">\n\t\t\t\t\t\t<section class=\"elementor-section elementor-top-section elementor-element elementor-element-033708c elementor-section-boxed elementor-section-height-default elementor-section-height-default qodef-elementor-content-no\" data-id=\"033708c\" data-element_type=\"section\">\n\t\t\t\t\t\t<div class=\"elementor-container elementor-column-gap-default\">\n\t\t\t\t\t<div class=\"elementor-column elementor-col-100 elementor-top-column elementor-element elementor-element-ffc6d7a\" data-id=\"ffc6d7a\" data-element_type=\"column\">\n\t\t\t<div class=\"elementor-widget-wrap elementor-element-populated\">\n\t\t\t\t\t\t<div class=\"elementor-element elementor-element-9d6e6cc elementor-widget elementor-widget-text-editor\" data-id=\"9d6e6cc\" data-element_type=\"widget\" data-widget_type=\"text-editor.default\">\n\t\t\t\t<div class=\"elementor-widget-container\">\n\t\t\t<style>\/*! elementor - v3.22.0 - 26-06-2024 *\/\n.elementor-widget-text-editor.elementor-drop-cap-view-stacked .elementor-drop-cap{background-color:#69727d;color:#fff}.elementor-widget-text-editor.elementor-drop-cap-view-framed .elementor-drop-cap{color:#69727d;border:3px solid;background-color:transparent}.elementor-widget-text-editor:not(.elementor-drop-cap-view-default) .elementor-drop-cap{margin-top:8px}.elementor-widget-text-editor:not(.elementor-drop-cap-view-default) .elementor-drop-cap-letter{width:1em;height:1em}.elementor-widget-text-editor .elementor-drop-cap{float:left;text-align:center;line-height:1;font-size:50px}.elementor-widget-text-editor .elementor-drop-cap-letter{display:inline-block}<\/style>\t\t\t\t<h5>\u2014- GERMAN VERSION BELOW<\/h5><p>\u00a0<\/p><h5>WHO WE ARE<\/h5><h5>WE ARE Singleton \/ Product brought to you by Homo ludens GmbH. WE ARE ENGAGED IN THE DEVELOPMENT OF MOTIVATIONAL TOOLS TO CHANGE YOUR LIFE AND YOUR COMPANY.<\/h5><div>The address of our website is:\u00a0<a href=\"https:\/\/www.singleton.life\/\" target=\"_blank\" rel=\"noopener\">https:\/\/www.singleton.life<\/a>.<\/div><div>\u00a0<\/div><h5>WHAT PERSONAL INFORMATION WE COLLECT AND WHY WE COLLECT IT<\/h5><h5>COMMENTS<\/h5><div>When visitors write comments on the website, we also collect the information displayed in the comment form, the visitor\u2019s IP address and the user agent string (which identifies the browser) to help detect spam.<\/div><div>An anonymized string (also called a hash) can be created from your email address and sent to the Gravatar service to check if you are using it. You can find the privacy policy of the Gravatar service here:\u00a0<a href=\"https:\/\/automattic.com\/privacy\/\" target=\"_blank\" rel=\"noopener\">https:\/\/automattic.com\/privacy\/<\/a>. After your comment has been shared, your profile picture will be publicly visible in the context of your comment.<\/div><h5>MEDIA<\/h5><div>If you are a registered user and upload photos to this website, you should avoid uploading photos with an EXIF GPS location. Visitors to this website may download photos stored on this website and extract their location information.<\/div><h5>COOKIES<\/h5><div>If you write a comment on our website, this may be your consent to store your name, e-mail address and website in cookies. This is a convenient feature so you don\u2019t have to re-enter all this data when you write another comment. These cookies are stored for one year.<\/div><div>If you have an account and log in to this website, we will set a temporary cookie to determine if your browser accepts cookies. This cookie does not contain any personal data and is discarded when you close your browser.<\/div><div>When you sign in, we will set some cookies to store your login information and display options. Login cookies expire after two days and cookies for the display options expire after one year. If you select \u201cStay signed in\u201d when registering, your registration will be maintained for two weeks. Logging out of your account deletes the login cookies.<\/div><div>When you edit or publish an article, an additional cookie is stored in your browser. This cookie does not contain any personal data and only refers to the article ID of the article you have just edited. The cookie expires after one day.<\/div><h5>EMBEDDED CONTENT FROM OTHER WEBSITES<\/h5><div>Contributions on this website may contain embedded content (e.g. videos, images, contributions, etc.). Embedded content from other websites behaves exactly as if the visitor had visited the other website.<\/div><div>These websites may collect information about you, use cookies, embed third-party tracking services and record your interaction with that embedded content, including your interaction with the embedded content if you have an account and are logged in to this website.<\/div><h5>WHO WE SHARE YOUR DATA WITH<\/h5><div>Your data will not be shared with anyone.<\/div><h5>HOW LONG WE STORE YOUR DATA<\/h5><div>When you write a comment, it is saved indefinitely, including metadata. This way, we can automatically recognize and share follow-up comments instead of keeping them in a moderation queue.<\/div><div>For users who register on our website, we also store the personal information that they provide in their user profiles. All users can view, change or delete their personal information at any time (the user name cannot be changed). Website administrators can also view and modify this information.<\/div><h5>WHAT RIGHTS YOU HAVE TO YOUR DATA<\/h5><div>If you have an account on this website or have written comments, you can request an export of your personal data from us, including any data you have provided to us. In addition, you can request the deletion of all personal data that we have stored about you. This does not include the data that we have to keep for administrative, legal or security reasons.<\/div><h5>WHERE WE SEND YOUR DATA<\/h5><div>Visitor comments could be examined by an automated spam detection service.<\/div><h5>\u2014-<\/h5><h5>WER WIR SIND<\/h5><div>Wir sind Singleton, ein Produkt der Homo Ludens GmbH. Wir besch\u00e4ftigen uns mit spielerischen Interventionen um dich und dein Unternehmen zu motivieren.\u00a0<\/div><div>Die Adresse unserer Website ist: singleton.life<\/div><h5>WELCHE PERSONENBEZOGENEN DATEN WIR SAMMELN UND WARUM WIR SIE SAMMELN<\/h5><h6>KOMMENTARE<\/h6><div>Wenn Besucher Kommentare auf der Website schreiben, sammeln wir die Daten, die im Kommentar-Formular angezeigt werden, au\u00dferdem die IP-Adresse des Besuchers und den User-Agent-String (damit wird der Browser identifiziert), um die Erkennung von Spam zu unterst\u00fctzen.<\/div><div>Aus deiner E-Mail-Adresse kann eine anonymisierte Zeichenfolge erstellt (auch Hash genannt) und dem Gravatar-Dienst \u00fcbergeben werden, um zu pr\u00fcfen, ob du diesen benutzt. Die Datenschutzerkl\u00e4rung des Gravatar-Dienstes findest du hier:\u00a0<a href=\"https:\/\/automattic.com\/privacy\/\" target=\"_blank\" rel=\"noopener\">https:\/\/automattic.com\/privacy\/<\/a>. Nachdem dein Kommentar freigegeben wurde, ist dein Profilbild \u00f6ffentlich im Kontext deines Kommentars sichtbar.<\/div><h5>MEDIEN<\/h5><div>Wenn du ein registrierter Benutzer bist und Fotos auf diese Website l\u00e4dst, solltest du vermeiden, Fotos mit einem EXIF-GPS-Standort hochzuladen. Besucher dieser Website k\u00f6nnten Fotos, die auf dieser Website gespeichert sind, herunterladen und deren Standort-Informationen extrahieren.<\/div><h5>COOKIES<\/h5><div>Wenn du einen Kommentar auf unserer Website schreibst, kann das eine Einwilligung sein, deinen Namen, E-Mail-Adresse und Website in Cookies zu speichern. Dies ist eine Komfortfunktion, damit du nicht, wenn du einen weiteren Kommentar schreibst, all diese Daten erneut eingeben musst. Diese Cookies werden ein Jahr lang gespeichert.<\/div><div>Falls du ein Konto hast und dich auf dieser Website anmeldest, werden wir ein tempor\u00e4res Cookie setzen, um festzustellen, ob dein Browser Cookies akzeptiert. Dieses Cookie enth\u00e4lt keine personenbezogenen Daten und wird verworfen, wenn du deinen Browser schlie\u00dft.<\/div><div>Wenn du dich anmeldest, werden wir einige Cookies einrichten, um deine Anmeldeinformationen und Anzeigeoptionen zu speichern. Anmelde-Cookies verfallen nach zwei Tagen und Cookies f\u00fcr die Anzeigeoptionen nach einem Jahr. Falls du bei der Anmeldung \u201eAngemeldet bleiben\u201c ausw\u00e4hlst, wird deine Anmeldung zwei Wochen lang aufrechterhalten. Mit der Abmeldung aus deinem Konto werden die Anmelde-Cookies gel\u00f6scht.<\/div><div>Wenn du einen Artikel bearbeitest oder ver\u00f6ffentlichst, wird ein zus\u00e4tzlicher Cookie in deinem Browser gespeichert. Dieser Cookie enth\u00e4lt keine personenbezogenen Daten und verweist nur auf die Beitrags-ID des Artikels, den du gerade bearbeitet hast. Der Cookie verf\u00e4llt nach einem Tag.<\/div><h5>EINGEBETTETE INHALTE VON ANDEREN WEBSITES<\/h5><div>Beitr\u00e4ge auf dieser Website k\u00f6nnen eingebettete Inhalte beinhalten (z.\u00a0B. Videos, Bilder, Beitr\u00e4ge etc.). Eingebettete Inhalte von anderen Websites verhalten sich exakt so, als ob der Besucher die andere Website besucht h\u00e4tte.<\/div><div>Diese Websites k\u00f6nnen Daten \u00fcber dich sammeln, Cookies benutzen, zus\u00e4tzliche Tracking-Dienste von Dritten einbetten und deine Interaktion mit diesem eingebetteten Inhalt aufzeichnen, inklusive deiner Interaktion mit dem eingebetteten Inhalt, falls du ein Konto hast und auf dieser Website angemeldet bist.<\/div><h5>MIT WEM WIR DEINE DATEN TEILEN<\/h5><div>Deine Daten werden mit niemandem geteilt.<\/div><h5>WIE LANGE WIR DEINE DATEN SPEICHERN<\/h5><div>Wenn du einen Kommentar schreibst, wird dieser inklusive Metadaten zeitlich unbegrenzt gespeichert. Auf diese Art k\u00f6nnen wir Folgekommentare automatisch erkennen und freigeben, anstelle sie in einer Moderations-Warteschlange festzuhalten.<\/div><div>F\u00fcr Benutzer, die sich auf unserer Website registrieren, speichern wir zus\u00e4tzlich die pers\u00f6nlichen Informationen, die sie in ihren Benutzerprofilen angeben. Alle Benutzer k\u00f6nnen jederzeit ihre pers\u00f6nlichen Informationen einsehen, ver\u00e4ndern oder l\u00f6schen (der Benutzername kann nicht ver\u00e4ndert werden). Administratoren der Website k\u00f6nnen diese Informationen ebenfalls einsehen und ver\u00e4ndern.<\/div><h5>WELCHE RECHTE DU AN DEINEN DATEN HAST<\/h5><div>Wenn du ein Konto auf dieser Website besitzt oder Kommentare geschrieben hast, kannst du einen Export deiner personenbezogenen Daten bei uns anfordern, inklusive aller Daten, die du uns mitgeteilt hast. Dar\u00fcber hinaus kannst du die L\u00f6schung aller personenbezogenen Daten, die wir von dir gespeichert haben, anfordern. Dies umfasst nicht die Daten, die wir aufgrund administrativer, rechtlicher oder sicherheitsrelevanter Notwendigkeiten aufbewahren m\u00fcssen.<\/div><h5>WOHIN WIR DEINE DATEN SENDEN<\/h5><div>Besucher-Kommentare k\u00f6nnten von einem automatisierten Dienst zur Spam-Erkennung untersucht werden.<\/div>\t\t\t\t\t\t<\/div>\n\t\t\t\t<\/div>\n\t\t\t\t\t<\/div>\n\t\t<\/div>\n\t\t\t\t\t<\/div>\n\t\t<\/section>\n\t\t\t\t<\/div>","protected":false},"excerpt":{"rendered":"<p>\u2014- GERMAN VERSION BELOW WHO WE ARE WE ARE Singleton \/ Product brought to you by Homo ludens GmbH. WE ARE ENGAGED IN THE DEVELOPMENT OF MOTIVATIONAL TOOLS TO CHANGE YOUR LIFE AND YOUR COMPANY. The address of our website is:&nbsp;https:\/\/www.singleton.life.&nbsp; WHAT PERSONAL INFORMATION WE COLLECT AND WHY WE COLLECT IT COMMENTS When visitors write [&hellip;]<\/p>","protected":false},"author":1,"featured_media":0,"parent":0,"menu_order":0,"comment_status":"closed","ping_status":"closed","template":"","meta":{"content-type":"","footnotes":""},"class_list":["post-1233","page","type-page","status-publish","hentry"],"_links":{"self":[{"href":"https:\/\/singleton-change.de\/en\/wp-json\/wp\/v2\/pages\/1233","targetHints":{"allow":["GET"]}}],"collection":[{"href":"https:\/\/singleton-change.de\/en\/wp-json\/wp\/v2\/pages"}],"about":[{"href":"https:\/\/singleton-change.de\/en\/wp-json\/wp\/v2\/types\/page"}],"author":[{"embeddable":true,"href":"https:\/\/singleton-change.de\/en\/wp-json\/wp\/v2\/users\/1"}],"replies":[{"embeddable":true,"href":"https:\/\/singleton-change.de\/en\/wp-json\/wp\/v2\/comments?post=1233"}],"version-history":[{"count":4,"href":"https:\/\/singleton-change.de\/en\/wp-json\/wp\/v2\/pages\/1233\/revisions"}],"predecessor-version":[{"id":1238,"href":"https:\/\/singleton-change.de\/en\/wp-json\/wp\/v2\/pages\/1233\/revisions\/1238"}],"wp:attachment":[{"href":"https:\/\/singleton-change.de\/en\/wp-json\/wp\/v2\/media?parent=1233"}],"curies":[{"name":"wp","href":"https:\/\/api.w.org\/{rel}","templated":true}]}}