{"id":1213,"date":"2022-05-16T21:31:28","date_gmt":"2022-05-16T19:31:28","guid":{"rendered":"https:\/\/singleton-change.de\/?page_id=1213"},"modified":"2024-11-05T17:39:26","modified_gmt":"2024-11-05T16:39:26","slug":"jobs","status":"publish","type":"page","link":"https:\/\/singleton-change.de\/en\/jobs\/","title":{"rendered":"Jobs"},"content":{"rendered":"<div data-elementor-type=\"wp-page\" data-elementor-id=\"1213\" class=\"elementor elementor-1213\" data-elementor-post-type=\"page\">\n\t\t\t\t\t\t<section class=\"elementor-section elementor-top-section elementor-element elementor-element-6918c52 elementor-section-boxed elementor-section-height-default elementor-section-height-default qodef-elementor-content-no\" data-id=\"6918c52\" data-element_type=\"section\">\n\t\t\t\t\t\t<div class=\"elementor-container elementor-column-gap-default\">\n\t\t\t\t\t<div class=\"elementor-column elementor-col-100 elementor-top-column elementor-element elementor-element-6dcfb14\" data-id=\"6dcfb14\" data-element_type=\"column\">\n\t\t\t<div class=\"elementor-widget-wrap elementor-element-populated\">\n\t\t\t\t\t\t<div class=\"elementor-element elementor-element-b7a5396 elementor-widget elementor-widget-html\" data-id=\"b7a5396\" data-element_type=\"widget\" data-widget_type=\"html.default\">\n\t\t\t\t<div class=\"elementor-widget-container\">\n\t\t\t<style>\n    .jobs-content {\n        font-family: Arial, sans-serif;\n        line-height: 1.6;\n        max-width: 800px;\n        margin: 0 auto;\n        padding: 20px;\n        color: #333;\n    }\n    .jobs-container {\n        background-color: #f9f9f9;\n        border-radius: 8px;\n        padding: 30px;\n        margin-top: 20px;\n        box-shadow: 0 2px 4px rgba(0,0,0,0.1);\n    }\n    .jobs-content h1 {\n        color: #2c3e50;\n        margin-bottom: 25px;\n    }\n    .contact-section {\n        margin-top: 30px;\n        padding: 20px;\n        background-color: #ffffff;\n        border-radius: 6px;\n        border-left: 4px solid #2c3e50;\n    }\n    .email {\n        color: #2980b9;\n        text-decoration: none;\n        font-weight: bold;\n    }\n    .email:hover {\n        text-decoration: underline;\n    }\n<\/style>\n\n<div class=\"jobs-content\">\n    <div class=\"jobs-container\">\n        <h1>Karriere bei Singleton Change<\/h1>\n        \n        <p>Aktuell haben wir keine offenen Stellenangebote. Wir sind jedoch immer auf der Suche nach talentierten Menschen, die unser Team verst\u00e4rken m\u00f6chten.<\/p>\n        \n        <div class=\"contact-section\">\n            <h2>Initiativbewerbung<\/h2>\n            <p>Sie sind interessiert an einer Karriere bei uns? Wir freuen uns \u00fcber Ihre Initiativbewerbung!<\/p>\n            <p>Senden Sie Ihre Unterlagen gerne an: <a href=\"mailto:meik@singleton-change.de\" class=\"email\">meik@singleton-change.de<\/a><\/p>\n        <\/div>\n    <\/div>\n<\/div>\t\t<\/div>\n\t\t\t\t<\/div>\n\t\t\t\t\t<\/div>\n\t\t<\/div>\n\t\t\t\t\t<\/div>\n\t\t<\/section>\n\t\t\t\t<\/div>","protected":false},"excerpt":{"rendered":"<p>Karriere bei Singleton Change Aktuell haben wir keine offenen Stellenangebote. Wir sind jedoch immer auf der Suche nach talentierten Menschen, die unser Team verst\u00e4rken m\u00f6chten. Initiativbewerbung Sie sind interessiert an einer Karriere bei uns? Wir freuen uns \u00fcber Ihre Initiativbewerbung! Senden Sie Ihre Unterlagen gerne an: meik@singleton-change.de<\/p>","protected":false},"author":1,"featured_media":0,"parent":0,"menu_order":0,"comment_status":"closed","ping_status":"closed","template":"","meta":{"content-type":"","footnotes":""},"class_list":["post-1213","page","type-page","status-publish","hentry"],"_links":{"self":[{"href":"https:\/\/singleton-change.de\/en\/wp-json\/wp\/v2\/pages\/1213","targetHints":{"allow":["GET"]}}],"collection":[{"href":"https:\/\/singleton-change.de\/en\/wp-json\/wp\/v2\/pages"}],"about":[{"href":"https:\/\/singleton-change.de\/en\/wp-json\/wp\/v2\/types\/page"}],"author":[{"embeddable":true,"href":"https:\/\/singleton-change.de\/en\/wp-json\/wp\/v2\/users\/1"}],"replies":[{"embeddable":true,"href":"https:\/\/singleton-change.de\/en\/wp-json\/wp\/v2\/comments?post=1213"}],"version-history":[{"count":9,"href":"https:\/\/singleton-change.de\/en\/wp-json\/wp\/v2\/pages\/1213\/revisions"}],"predecessor-version":[{"id":4406,"href":"https:\/\/singleton-change.de\/en\/wp-json\/wp\/v2\/pages\/1213\/revisions\/4406"}],"wp:attachment":[{"href":"https:\/\/singleton-change.de\/en\/wp-json\/wp\/v2\/media?parent=1213"}],"curies":[{"name":"wp","href":"https:\/\/api.w.org\/{rel}","templated":true}]}}